{"id":1001005701,"date":"2013-08-10T19:27:46","date_gmt":"2013-08-10T19:27:46","guid":{"rendered":"https:\/\/omniumcargo.com\/dealers\/"},"modified":"2025-03-17T10:27:22","modified_gmt":"2025-03-17T09:27:22","slug":"dealers","status":"publish","type":"page","link":"https:\/\/omniumcargo.com\/de\/dealers\/","title":{"rendered":"H\u00e4ndler"},"content":{"rendered":"\n<div class=\"wp-block-columns has-2-columns gap-0 max-w-screen-xl mx-auto bike-page-text-column-left is-layout-flex wp-container-core-columns-is-layout-9d6595d7 wp-block-columns-is-layout-flex\">\n<div class=\"wp-block-column is-layout-flow wp-block-column-is-layout-flow\" style=\"flex-basis:33.33%\">\n<p class=\"has-text-align-center\"><strong>OFFIZIELLER N\u00d8RREBRO STORE <\/strong><br><strong>&amp;<\/strong><br><strong> WERKSTATT<\/strong><\/p>\n\n\n\n<p>Montag &#8211; Freitag 10-18<br>Samstag 11-15<br><br>N\u00f8rrebrogade 200<br>2200 Kopenhagen<br>D\u00e4nemark<br><br>+45 30398200<br><a href=\"mailto:info@omniumcargo.com\">info@omniumcargo.com<\/a><\/p>\n<\/div>\n\n\n\n<div class=\"wp-block-column is-layout-flow wp-block-column-is-layout-flow\" style=\"flex-basis:66.66%\">\n<figure class=\"wp-block-image size-large animate-element slide-top\"><img decoding=\"async\" width=\"1024\" height=\"560\" src=\"https:\/\/omniumcargo.com\/wp-content\/uploads\/2020\/10\/Omnium-flagship-store-copenhagen-e1603289447228-1024x560.jpg\" alt=\"\" class=\"wp-image-1001001891\" srcset=\"https:\/\/omniumcargo.com\/wp-content\/uploads\/2020\/10\/Omnium-flagship-store-copenhagen-e1603289447228-1024x560.jpg 1024w, https:\/\/omniumcargo.com\/wp-content\/uploads\/2020\/10\/Omnium-flagship-store-copenhagen-e1603289447228-416x228.jpg 416w, https:\/\/omniumcargo.com\/wp-content\/uploads\/2020\/10\/Omnium-flagship-store-copenhagen-e1603289447228-300x164.jpg 300w, https:\/\/omniumcargo.com\/wp-content\/uploads\/2020\/10\/Omnium-flagship-store-copenhagen-e1603289447228-768x420.jpg 768w, https:\/\/omniumcargo.com\/wp-content\/uploads\/2020\/10\/Omnium-flagship-store-copenhagen-e1603289447228.jpg 1450w\" sizes=\"(max-width: 1024px) 100vw, 1024px\" \/><\/figure>\n<\/div>\n<\/div>\n\n\n\n<div class=\"wp-block-columns has-2-columns gap-0 max-w-screen-xl mx-auto bike-page-text-column-right is-layout-flex wp-container-core-columns-is-layout-9d6595d7 wp-block-columns-is-layout-flex\">\n<div class=\"wp-block-column is-layout-flow wp-block-column-is-layout-flow\" style=\"flex-basis:66.66%\">\n<figure class=\"wp-block-image size-large animate-element slide-top\"><img decoding=\"async\" width=\"1024\" height=\"565\" src=\"https:\/\/omniumcargo.com\/wp-content\/uploads\/2025\/03\/amager-store-1024x565.webp\" alt=\"\" class=\"wp-image-1001033255\" srcset=\"https:\/\/omniumcargo.com\/wp-content\/uploads\/2025\/03\/amager-store-1024x565.webp 1024w, https:\/\/omniumcargo.com\/wp-content\/uploads\/2025\/03\/amager-store-300x166.webp 300w, https:\/\/omniumcargo.com\/wp-content\/uploads\/2025\/03\/amager-store-768x424.webp 768w, https:\/\/omniumcargo.com\/wp-content\/uploads\/2025\/03\/amager-store-416x230.webp 416w, https:\/\/omniumcargo.com\/wp-content\/uploads\/2025\/03\/amager-store.webp 1450w\" sizes=\"(max-width: 1024px) 100vw, 1024px\" \/><\/figure>\n<\/div>\n\n\n\n<div class=\"wp-block-column is-layout-flow wp-block-column-is-layout-flow\" style=\"flex-basis:33.33%\">\n<p class=\"has-text-align-center\"><strong>OFFIZIELLER AMAGER STORE <\/strong><br><strong>&amp;<\/strong><br><strong> WERKSTATT<\/strong><\/p>\n\n\n\n<p>Montag- Freitag 9-17<br>Samstag 11-15<br><br>Amagerbrogade 11<br>2300 Kopenhagen<br>D\u00e4nemark<br><br>+45 30398200<br><a href=\"mailto:info@omniumcargo.com\">info@omniumcargo.com<\/a><\/p>\n<\/div>\n<\/div>\n\n\n\n<div style=\"height:25px\" aria-hidden=\"true\" class=\"wp-block-spacer\"><\/div>\n\n\n\n<h1 class=\"wp-block-heading has-text-align-center find-store\">FINDE EINEN H\u00c4NDLER IN DEINER N\u00c4HE<\/h1>\n\n\n<style>\r\n\t#wpsl-stores .wpsl-store-thumb {height:45px !important; width:45px !important;}\r\n\t#wpsl-stores, #wpsl-direction-details, #wpsl-gmap {height:500px !important;}\r\n\t#wpsl-gmap .wpsl-info-window {max-width:225px !important;}\r\n\t.wpsl-input label, #wpsl-radius label, #wpsl-category label {width:95px;}\r\n\t#wpsl-search-input ,#wpsl-category .wpsl-dropdown {width:179px;}\r\n<\/style>\r\n<div id=\"wpsl-wrap\" class=\"wpsl-store-below\">\r\n\t<div class=\"wpsl-search wpsl-clearfix \">\r\n\t\t<div id=\"wpsl-search-wrap\">\r\n\t\t\t<form autocomplete=\"off\">\r\n\t\t\t<div class=\"wpsl-input\">\r\n\t\t\t\t<div><label for=\"wpsl-search-input\">Your location<\/label><\/div>\r\n\t\t\t\t<input id=\"wpsl-search-input\" type=\"text\" value=\"\" name=\"wpsl-search-input\" placeholder=\"\" aria-required=\"true\" \/>\r\n\t\t\t<\/div>\r\n<div id=\"wpsl-category\">\r\n<label for=\"wpsl-category-list\">Category<\/label>\r\n<select  name='wpsl-category' id='wpsl-category-list' class='wpsl-dropdown'>\n\t<option value='0'>Any<\/option>\n\t<option class=\"level-0\" value=\"2303\">Asia<\/option>\n\t<option class=\"level-1\" value=\"2307\">&nbsp;&nbsp;&nbsp;Japan<\/option>\n\t<option class=\"level-1\" value=\"2173\">&nbsp;&nbsp;&nbsp;Singapore<\/option>\n\t<option class=\"level-1\" value=\"2305\">&nbsp;&nbsp;&nbsp;Taiwan<\/option>\n\t<option class=\"level-1\" value=\"2304\">&nbsp;&nbsp;&nbsp;Vietnam<\/option>\n\t<option class=\"level-0\" value=\"1891\">Australia<\/option>\n\t<option class=\"level-0\" value=\"1892\">Chile<\/option>\n\t<option class=\"level-0\" value=\"3293\">Croatia<\/option>\n\t<option class=\"level-0\" value=\"1894\">Europe<\/option>\n\t<option class=\"level-1\" value=\"1895\">&nbsp;&nbsp;&nbsp;Austria<\/option>\n\t<option class=\"level-1\" value=\"1896\">&nbsp;&nbsp;&nbsp;Belgium<\/option>\n\t<option class=\"level-1\" value=\"1893\">&nbsp;&nbsp;&nbsp;Czech Republic<\/option>\n\t<option class=\"level-1\" value=\"1897\">&nbsp;&nbsp;&nbsp;Denmark<\/option>\n\t<option class=\"level-1\" value=\"1898\">&nbsp;&nbsp;&nbsp;Estonia<\/option>\n\t<option class=\"level-1\" value=\"1899\">&nbsp;&nbsp;&nbsp;Finland<\/option>\n\t<option class=\"level-1\" value=\"1900\">&nbsp;&nbsp;&nbsp;France<\/option>\n\t<option class=\"level-1\" value=\"1901\">&nbsp;&nbsp;&nbsp;Germany<\/option>\n\t<option class=\"level-1\" value=\"1915\">&nbsp;&nbsp;&nbsp;Greece<\/option>\n\t<option class=\"level-1\" value=\"1902\">&nbsp;&nbsp;&nbsp;Hungary<\/option>\n\t<option class=\"level-1\" value=\"3129\">&nbsp;&nbsp;&nbsp;Ireland<\/option>\n\t<option class=\"level-1\" value=\"1903\">&nbsp;&nbsp;&nbsp;Italy<\/option>\n\t<option class=\"level-1\" value=\"2306\">&nbsp;&nbsp;&nbsp;Latvia<\/option>\n\t<option class=\"level-1\" value=\"1904\">&nbsp;&nbsp;&nbsp;Netherlands<\/option>\n\t<option class=\"level-1\" value=\"1905\">&nbsp;&nbsp;&nbsp;Norway<\/option>\n\t<option class=\"level-1\" value=\"1906\">&nbsp;&nbsp;&nbsp;Poland<\/option>\n\t<option class=\"level-1\" value=\"1907\">&nbsp;&nbsp;&nbsp;Portugal<\/option>\n\t<option class=\"level-1\" value=\"1921\">&nbsp;&nbsp;&nbsp;Romania<\/option>\n\t<option class=\"level-1\" value=\"1909\">&nbsp;&nbsp;&nbsp;Scotland<\/option>\n\t<option class=\"level-1\" value=\"1910\">&nbsp;&nbsp;&nbsp;Slovakia<\/option>\n\t<option class=\"level-1\" value=\"1911\">&nbsp;&nbsp;&nbsp;Spain<\/option>\n\t<option class=\"level-1\" value=\"1912\">&nbsp;&nbsp;&nbsp;Sweden<\/option>\n\t<option class=\"level-1\" value=\"1913\">&nbsp;&nbsp;&nbsp;Switzerland<\/option>\n\t<option class=\"level-1\" value=\"1914\">&nbsp;&nbsp;&nbsp;United Kingdom<\/option>\n\t<option class=\"level-0\" value=\"1916\">Iceland<\/option>\n\t<option class=\"level-0\" value=\"1917\">Israel<\/option>\n\t<option class=\"level-0\" value=\"1918\">North America<\/option>\n\t<option class=\"level-1\" value=\"1919\">&nbsp;&nbsp;&nbsp;Canada<\/option>\n\t<option class=\"level-1\" value=\"1920\">&nbsp;&nbsp;&nbsp;USA<\/option>\n\t<option class=\"level-0\" value=\"1922\">United Kingdom (UK)<\/option>\n\t<option class=\"level-0\" value=\"3126\">United States (US)<\/option>\n<\/select>\n<\/div>\r\n\t\t\t\t<div class=\"wpsl-search-btn-wrap\"><input id=\"wpsl-search-btn\" type=\"submit\" value=\"Search\"><\/div>\r\n\t\t<\/form>\r\n\t\t<\/div>\r\n\t<\/div>\r\n\t<div id=\"wpsl-gmap\" class=\"wpsl-gmap-canvas\"><\/div>\r\n\t<div id=\"wpsl-result-list\">\r\n\t\t<div id=\"wpsl-stores\" >\r\n\t\t\t<ul><\/ul>\r\n\t\t<\/div>\r\n\t\t<div id=\"wpsl-direction-details\">\r\n\t\t\t<ul><\/ul>\r\n\t\t<\/div>\r\n\t<\/div>\r\n<\/div>\r\n\n","protected":false},"excerpt":{"rendered":"<p>OFFIZIELLER N\u00d8RREBRO STORE &amp; WERKSTATT Montag &#8211; Freitag 10-18Samstag 11-15 N\u00f8rrebrogade 2002200 KopenhagenD\u00e4nemark +45 30398200info@omniumcargo.com OFFIZIELLER AMAGER STORE &amp; WERKSTATT Montag- Freitag 9-17Samstag 11-15 Amagerbrogade 112300 KopenhagenD\u00e4nemark +45 30398200info@omniumcargo.com FINDE EINEN H\u00c4NDLER IN DEINER N\u00c4HE<\/p>\n","protected":false},"author":1,"featured_media":0,"parent":0,"menu_order":7,"comment_status":"closed","ping_status":"closed","template":"","meta":{"inline_featured_image":false,"footnotes":""},"class_list":["post-1001005701","page","type-page","status-publish","hentry"],"yoast_head":"<!-- This site is optimized with the Yoast SEO plugin v25.9 - https:\/\/yoast.com\/wordpress\/plugins\/seo\/ -->\n<title>The Omnium Dealer List - OMNIUM Cargo Official Shop<\/title>\n<meta name=\"description\" content=\"Finde hier einen OMNIUM Fahrradh\u00e4ndler in deiner N\u00e4he. Es kommen regelm\u00e4\u00dfig neuer H\u00e4ndler zu unser List hinzu.\" \/>\n<meta name=\"robots\" content=\"index, follow, max-snippet:-1, max-image-preview:large, max-video-preview:-1\" \/>\n<link rel=\"canonical\" href=\"https:\/\/omniumcargo.com\/de\/dealers\/\" \/>\n<meta property=\"og:locale\" content=\"de_DE\" \/>\n<meta property=\"og:type\" content=\"article\" \/>\n<meta property=\"og:title\" content=\"The Omnium Dealer List - OMNIUM Cargo Official Shop\" \/>\n<meta property=\"og:description\" content=\"Finde hier einen OMNIUM Fahrradh\u00e4ndler in deiner N\u00e4he. Es kommen regelm\u00e4\u00dfig neuer H\u00e4ndler zu unser List hinzu.\" \/>\n<meta property=\"og:url\" content=\"https:\/\/omniumcargo.com\/de\/dealers\/\" \/>\n<meta property=\"og:site_name\" content=\"OMNIUM Cargo Official Shop\" \/>\n<meta property=\"article:modified_time\" content=\"2025-03-17T09:27:22+00:00\" \/>\n<meta property=\"og:image\" content=\"https:\/\/omniumcargo.com\/wp-content\/uploads\/2020\/10\/Omnium-flagship-store-copenhagen-e1603289447228-1024x560.jpg\" \/>\n<meta name=\"twitter:card\" content=\"summary_large_image\" \/>\n<meta name=\"twitter:label1\" content=\"Gesch\u00e4tzte Lesezeit\" \/>\n\t<meta name=\"twitter:data1\" content=\"1\u00a0Minute\" \/>\n<script type=\"application\/ld+json\" class=\"yoast-schema-graph\">{\"@context\":\"https:\/\/schema.org\",\"@graph\":[{\"@type\":\"WebPage\",\"@id\":\"https:\/\/omniumcargo.com\/de\/dealers\/\",\"url\":\"https:\/\/omniumcargo.com\/de\/dealers\/\",\"name\":\"The Omnium Dealer List - OMNIUM Cargo Official Shop\",\"isPartOf\":{\"@id\":\"https:\/\/omniumcargo.com\/#website\"},\"primaryImageOfPage\":{\"@id\":\"https:\/\/omniumcargo.com\/de\/dealers\/#primaryimage\"},\"image\":{\"@id\":\"https:\/\/omniumcargo.com\/de\/dealers\/#primaryimage\"},\"thumbnailUrl\":\"https:\/\/omniumcargo.com\/wp-content\/uploads\/2020\/10\/Omnium-flagship-store-copenhagen-e1603289447228-1024x560.jpg\",\"datePublished\":\"2013-08-10T19:27:46+00:00\",\"dateModified\":\"2025-03-17T09:27:22+00:00\",\"description\":\"Finde hier einen OMNIUM Fahrradh\u00e4ndler in deiner N\u00e4he. Es kommen regelm\u00e4\u00dfig neuer H\u00e4ndler zu unser List hinzu.\",\"breadcrumb\":{\"@id\":\"https:\/\/omniumcargo.com\/de\/dealers\/#breadcrumb\"},\"inLanguage\":\"de\",\"potentialAction\":[{\"@type\":\"ReadAction\",\"target\":[\"https:\/\/omniumcargo.com\/de\/dealers\/\"]}]},{\"@type\":\"ImageObject\",\"inLanguage\":\"de\",\"@id\":\"https:\/\/omniumcargo.com\/de\/dealers\/#primaryimage\",\"url\":\"https:\/\/omniumcargo.com\/wp-content\/uploads\/2020\/10\/Omnium-flagship-store-copenhagen-e1603289447228-1024x560.jpg\",\"contentUrl\":\"https:\/\/omniumcargo.com\/wp-content\/uploads\/2020\/10\/Omnium-flagship-store-copenhagen-e1603289447228-1024x560.jpg\"},{\"@type\":\"BreadcrumbList\",\"@id\":\"https:\/\/omniumcargo.com\/de\/dealers\/#breadcrumb\",\"itemListElement\":[{\"@type\":\"ListItem\",\"position\":1,\"name\":\"Home\",\"item\":\"https:\/\/omniumcargo.com\/de\/\"},{\"@type\":\"ListItem\",\"position\":2,\"name\":\"H\u00e4ndler\"}]},{\"@type\":\"WebSite\",\"@id\":\"https:\/\/omniumcargo.com\/#website\",\"url\":\"https:\/\/omniumcargo.com\/\",\"name\":\"OMNIUM Cargo Official Shop\",\"description\":\"Buy direct from OMNIUM Bikes for delivery worldwide\",\"publisher\":{\"@id\":\"https:\/\/omniumcargo.com\/#organization\"},\"potentialAction\":[{\"@type\":\"SearchAction\",\"target\":{\"@type\":\"EntryPoint\",\"urlTemplate\":\"https:\/\/omniumcargo.com\/?s={search_term_string}\"},\"query-input\":{\"@type\":\"PropertyValueSpecification\",\"valueRequired\":true,\"valueName\":\"search_term_string\"}}],\"inLanguage\":\"de\"},{\"@type\":\"Organization\",\"@id\":\"https:\/\/omniumcargo.com\/#organization\",\"name\":\"OMNIUM Cargo Official Shop\",\"url\":\"https:\/\/omniumcargo.com\/\",\"logo\":{\"@type\":\"ImageObject\",\"inLanguage\":\"de\",\"@id\":\"https:\/\/omniumcargo.com\/#\/schema\/logo\/image\/\",\"url\":\"https:\/\/omniumcargo.com\/wp-content\/uploads\/2020\/03\/omnium-logo-large-mix.svg\",\"contentUrl\":\"https:\/\/omniumcargo.com\/wp-content\/uploads\/2020\/03\/omnium-logo-large-mix.svg\",\"width\":1397,\"height\":135,\"caption\":\"OMNIUM Cargo Official Shop\"},\"image\":{\"@id\":\"https:\/\/omniumcargo.com\/#\/schema\/logo\/image\/\"}}]}<\/script>\n<!-- \/ Yoast SEO plugin. -->","yoast_head_json":{"title":"The Omnium Dealer List - OMNIUM Cargo Official Shop","description":"Finde hier einen OMNIUM Fahrradh\u00e4ndler in deiner N\u00e4he. Es kommen regelm\u00e4\u00dfig neuer H\u00e4ndler zu unser List hinzu.","robots":{"index":"index","follow":"follow","max-snippet":"max-snippet:-1","max-image-preview":"max-image-preview:large","max-video-preview":"max-video-preview:-1"},"canonical":"https:\/\/omniumcargo.com\/de\/dealers\/","og_locale":"de_DE","og_type":"article","og_title":"The Omnium Dealer List - OMNIUM Cargo Official Shop","og_description":"Finde hier einen OMNIUM Fahrradh\u00e4ndler in deiner N\u00e4he. Es kommen regelm\u00e4\u00dfig neuer H\u00e4ndler zu unser List hinzu.","og_url":"https:\/\/omniumcargo.com\/de\/dealers\/","og_site_name":"OMNIUM Cargo Official Shop","article_modified_time":"2025-03-17T09:27:22+00:00","og_image":[{"url":"https:\/\/omniumcargo.com\/wp-content\/uploads\/2020\/10\/Omnium-flagship-store-copenhagen-e1603289447228-1024x560.jpg","type":"","width":"","height":""}],"twitter_card":"summary_large_image","twitter_misc":{"Gesch\u00e4tzte Lesezeit":"1\u00a0Minute"},"schema":{"@context":"https:\/\/schema.org","@graph":[{"@type":"WebPage","@id":"https:\/\/omniumcargo.com\/de\/dealers\/","url":"https:\/\/omniumcargo.com\/de\/dealers\/","name":"The Omnium Dealer List - OMNIUM Cargo Official Shop","isPartOf":{"@id":"https:\/\/omniumcargo.com\/#website"},"primaryImageOfPage":{"@id":"https:\/\/omniumcargo.com\/de\/dealers\/#primaryimage"},"image":{"@id":"https:\/\/omniumcargo.com\/de\/dealers\/#primaryimage"},"thumbnailUrl":"https:\/\/omniumcargo.com\/wp-content\/uploads\/2020\/10\/Omnium-flagship-store-copenhagen-e1603289447228-1024x560.jpg","datePublished":"2013-08-10T19:27:46+00:00","dateModified":"2025-03-17T09:27:22+00:00","description":"Finde hier einen OMNIUM Fahrradh\u00e4ndler in deiner N\u00e4he. Es kommen regelm\u00e4\u00dfig neuer H\u00e4ndler zu unser List hinzu.","breadcrumb":{"@id":"https:\/\/omniumcargo.com\/de\/dealers\/#breadcrumb"},"inLanguage":"de","potentialAction":[{"@type":"ReadAction","target":["https:\/\/omniumcargo.com\/de\/dealers\/"]}]},{"@type":"ImageObject","inLanguage":"de","@id":"https:\/\/omniumcargo.com\/de\/dealers\/#primaryimage","url":"https:\/\/omniumcargo.com\/wp-content\/uploads\/2020\/10\/Omnium-flagship-store-copenhagen-e1603289447228-1024x560.jpg","contentUrl":"https:\/\/omniumcargo.com\/wp-content\/uploads\/2020\/10\/Omnium-flagship-store-copenhagen-e1603289447228-1024x560.jpg"},{"@type":"BreadcrumbList","@id":"https:\/\/omniumcargo.com\/de\/dealers\/#breadcrumb","itemListElement":[{"@type":"ListItem","position":1,"name":"Home","item":"https:\/\/omniumcargo.com\/de\/"},{"@type":"ListItem","position":2,"name":"H\u00e4ndler"}]},{"@type":"WebSite","@id":"https:\/\/omniumcargo.com\/#website","url":"https:\/\/omniumcargo.com\/","name":"OMNIUM Cargo Official Shop","description":"Buy direct from OMNIUM Bikes for delivery worldwide","publisher":{"@id":"https:\/\/omniumcargo.com\/#organization"},"potentialAction":[{"@type":"SearchAction","target":{"@type":"EntryPoint","urlTemplate":"https:\/\/omniumcargo.com\/?s={search_term_string}"},"query-input":{"@type":"PropertyValueSpecification","valueRequired":true,"valueName":"search_term_string"}}],"inLanguage":"de"},{"@type":"Organization","@id":"https:\/\/omniumcargo.com\/#organization","name":"OMNIUM Cargo Official Shop","url":"https:\/\/omniumcargo.com\/","logo":{"@type":"ImageObject","inLanguage":"de","@id":"https:\/\/omniumcargo.com\/#\/schema\/logo\/image\/","url":"https:\/\/omniumcargo.com\/wp-content\/uploads\/2020\/03\/omnium-logo-large-mix.svg","contentUrl":"https:\/\/omniumcargo.com\/wp-content\/uploads\/2020\/03\/omnium-logo-large-mix.svg","width":1397,"height":135,"caption":"OMNIUM Cargo Official Shop"},"image":{"@id":"https:\/\/omniumcargo.com\/#\/schema\/logo\/image\/"}}]}},"_links":{"self":[{"href":"https:\/\/omniumcargo.com\/de\/wp-json\/wp\/v2\/pages\/1001005701","targetHints":{"allow":["GET"]}}],"collection":[{"href":"https:\/\/omniumcargo.com\/de\/wp-json\/wp\/v2\/pages"}],"about":[{"href":"https:\/\/omniumcargo.com\/de\/wp-json\/wp\/v2\/types\/page"}],"author":[{"embeddable":true,"href":"https:\/\/omniumcargo.com\/de\/wp-json\/wp\/v2\/users\/1"}],"replies":[{"embeddable":true,"href":"https:\/\/omniumcargo.com\/de\/wp-json\/wp\/v2\/comments?post=1001005701"}],"version-history":[{"count":5,"href":"https:\/\/omniumcargo.com\/de\/wp-json\/wp\/v2\/pages\/1001005701\/revisions"}],"predecessor-version":[{"id":1001033265,"href":"https:\/\/omniumcargo.com\/de\/wp-json\/wp\/v2\/pages\/1001005701\/revisions\/1001033265"}],"wp:attachment":[{"href":"https:\/\/omniumcargo.com\/de\/wp-json\/wp\/v2\/media?parent=1001005701"}],"curies":[{"name":"wp","href":"https:\/\/api.w.org\/{rel}","templated":true}]}}